{"id":5,"date":"2019-01-18T20:25:12","date_gmt":"2019-01-18T20:25:12","guid":{"rendered":"https:\/\/todoverde.com.ar\/mantenimiento-espacios-verdes\/?page_id=5"},"modified":"2021-09-01T20:20:21","modified_gmt":"2021-09-01T20:20:21","slug":"5-2","status":"publish","type":"page","link":"https:\/\/todoverde.com.ar\/mantenimiento-espacios-verdes\/","title":{"rendered":""},"content":{"rendered":"\n<img loading=\"false\" src=\"https:\/\/todoverde.com.ar\/mantenimiento-espacios-verdes\/wp-content\/uploads\/2021\/09\/1630488431526.jpg\" alt=\"\"><a href=\"https:\/\/todoverde.com.ar\/mantenimiento-espacios-verdes\/#contacto\" target=\"_self\" aria-label=\"Atenci\u00f3n a empresas, barrios y clubes\" rel=\"noopener\"><\/a>\t\t\t\n\t\t\t\t<h1>Atenci\u00f3n a empresas, barrios y clubes<\/h1>\t\t\t\n\t\t\t<img loading=\"false\" src=\"https:\/\/todoverde.com.ar\/mantenimiento-espacios-verdes\/wp-content\/uploads\/2019\/01\/WhatsApp-Image-2019-01-13-at-10.40.521-2.jpeg\" alt=\"\"><a href=\"https:\/\/todoverde.com.ar\/mantenimiento-espacios-verdes\/#contacto\" target=\"_self\" aria-label=\"Mantenimiento de espacios verdes\" rel=\"noopener\"><\/a>\t\t\t\n\t\t\t\t<h1>Mantenimiento de espacios verdes<\/h1>\t\t\t\n\t\t\t<img loading=\"false\" src=\"https:\/\/todoverde.com.ar\/mantenimiento-espacios-verdes\/wp-content\/uploads\/2019\/01\/WhatsApp-Image-2019-01-13-at-10.40.571-2.jpeg\" alt=\"\"><a href=\"https:\/\/todoverde.com.ar\/mantenimiento-espacios-verdes\/#contacto\" target=\"_self\" aria-label=\"Movimiento de suelos\" rel=\"noopener\"><\/a>\t\t\t\n\t\t\t\t<h1>Movimiento de suelos<\/h1>\t\t\t\n\t\t\t\t<a href=\"#\" aria-label=\"previous\" role=\"button\">\n<\/a>\n\t\t\t\t<a href=\"#\" aria-label=\"next\" role=\"button\">\n<\/a>\n\t\t\t\t<img loading=\"lazy\" src=\"https:\/\/todoverde.com.ar\/mantenimiento-espacios-verdes\/wp-content\/uploads\/2021\/09\/1630488431461.jpg\" alt=\"1630488431461\" itemprop=\"image\" height=\"1200\" width=\"1600\" title=\"1630488431461\" onerror=\"this.style.display='none'\">\n<h3>\n\t\t<a href=\"https:\/\/todoverde.com.ar\/mantenimiento-espacios-verdes\/#contacto\" title=\"Mantenimiento de medianas y grandes superficies\" target=\"_self\" rel=\"noopener\">\n\t\tMantenimiento de medianas y grandes superficies\n\t\t<\/a>\n\t<\/h3>\n\t\t\t\t<img loading=\"lazy\" src=\"https:\/\/todoverde.com.ar\/mantenimiento-espacios-verdes\/wp-content\/uploads\/2021\/09\/1630488431423.jpg\" alt=\"1630488431423\" itemprop=\"image\" height=\"1200\" width=\"1600\" title=\"1630488431423\" onerror=\"this.style.display='none'\">\n<h3>\n\t\t<a href=\"https:\/\/todoverde.com.ar\/mantenimiento-espacios-verdes\/#contacto\" title=\"Sistema de riego por asperci\u00f3n y colocacion de c\u00e9sped\" target=\"_self\" rel=\"noopener\">\n\t\tSistema de riego por asperci\u00f3n y colocacion de c\u00e9sped\n\t\t<\/a>\n\t<\/h3>\n\t\t\t\t<img loading=\"lazy\" src=\"https:\/\/todoverde.com.ar\/mantenimiento-espacios-verdes\/wp-content\/uploads\/2021\/09\/1630488431395.jpg\" alt=\"1630488431395\" itemprop=\"image\" height=\"1200\" width=\"1600\" title=\"1630488431395\" onerror=\"this.style.display='none'\">\n<h3>\n\t\t<a href=\"https:\/\/todoverde.com.ar\/mantenimiento-espacios-verdes\/#contacto\" title=\"CONTACTANOS contamos con personal especializado y asegurado\" target=\"_self\" rel=\"noopener\">\n\t\tCONTACTANOS contamos con personal especializado y asegurado\n\t\t<\/a>\n\t<\/h3>\n\t\n\t<p>Somos una &nbsp;empresa con&nbsp;<strong>mas de 10 a\u00f1os de trayectoria<\/strong>. Nuestra filosof\u00eda se basa en ofrecer un servicio real permanente y duradero.<\/p>\n<p><strong>Buscamos entender y satisfacer las necesidades y deseos de cada cliente dando soluci\u00f3n a cada espacio.<\/strong>&nbsp;Mejorando y cuidando el medio ambiente.<\/p>\n<p><strong>Contamos con maquinaria y herramientas de ultima generaci\u00f3n y personal altamente capacitado<\/strong>&nbsp;para cada tarea.<\/p>\n<p>Algunas de nuestras maquinas:<\/p>\n<ul>\n<li>Tractores radio cero.<\/li>\n<li>Tractores para desmalezar.<\/li>\n<li>Bordeadoras, motosierras y motomochila.<\/li>\n<li>Mini pala.<\/li>\n<li>Cami\u00f3n volcador.<\/li>\n<li>Barredor hombre a bordo.<\/li>\n<li>Gr\u00faa.<\/li>\n<\/ul>\n\n\t\t\t\t<img loading=\"lazy\" src=\"https:\/\/todoverde.com.ar\/mantenimiento-espacios-verdes\/wp-content\/uploads\/2021\/09\/1630488431409.jpg\" alt=\"1630488431409\" itemprop=\"image\" height=\"1200\" width=\"1600\" title=\"1630488431409\" onerror=\"this.style.display='none'\">\n\t\t\t\t<img loading=\"lazy\" src=\"https:\/\/todoverde.com.ar\/mantenimiento-espacios-verdes\/wp-content\/uploads\/2021\/09\/1630488431449-1.jpg\" alt=\"1630488431449\" itemprop=\"image\" height=\"1200\" width=\"1600\" title=\"1630488431449\" onerror=\"this.style.display='none'\">\n\t\n\t\n\t\n\t\t\t\t<img loading=\"lazy\" src=\"https:\/\/todoverde.com.ar\/mantenimiento-espacios-verdes\/wp-content\/uploads\/2021\/09\/1630488431485.jpg\" alt=\"1630488431485\" itemprop=\"image\" height=\"1200\" width=\"1600\" title=\"1630488431485\" onerror=\"this.style.display='none'\">\n","protected":false},"excerpt":{"rendered":"<p>Atenci\u00f3n a empresas, barrios y clubes Mantenimiento de espacios verdes Movimiento de suelos Mantenimiento de medianas y grandes superficies Sistema de riego por asperci\u00f3n y colocacion de c\u00e9sped CONTACTANOS contamos con personal especializado y asegurado Somos una &nbsp;empresa con&nbsp;mas de 10 a\u00f1os de trayectoria. Nuestra filosof\u00eda se basa en ofrecer un servicio real permanente y&hellip;&nbsp;<a href=\"https:\/\/todoverde.com.ar\/mantenimiento-espacios-verdes\/\" class=\"\" rel=\"bookmark\">Leer m\u00e1s &raquo;<span class=\"screen-reader-text\"><\/span><\/a><\/p>\n","protected":false},"author":1,"featured_media":0,"parent":0,"menu_order":0,"comment_status":"closed","ping_status":"closed","template":"","meta":{"neve_meta_sidebar":"","neve_meta_container":"","neve_meta_enable_content_width":"","neve_meta_content_width":70,"neve_meta_title_alignment":"","neve_meta_author_avatar":"","neve_post_elements_order":"","neve_meta_disable_header":"","neve_meta_disable_footer":"","neve_meta_disable_title":""},"_links":{"self":[{"href":"https:\/\/todoverde.com.ar\/mantenimiento-espacios-verdes\/wp-json\/wp\/v2\/pages\/5"}],"collection":[{"href":"https:\/\/todoverde.com.ar\/mantenimiento-espacios-verdes\/wp-json\/wp\/v2\/pages"}],"about":[{"href":"https:\/\/todoverde.com.ar\/mantenimiento-espacios-verdes\/wp-json\/wp\/v2\/types\/page"}],"author":[{"embeddable":true,"href":"https:\/\/todoverde.com.ar\/mantenimiento-espacios-verdes\/wp-json\/wp\/v2\/users\/1"}],"replies":[{"embeddable":true,"href":"https:\/\/todoverde.com.ar\/mantenimiento-espacios-verdes\/wp-json\/wp\/v2\/comments?post=5"}],"version-history":[{"count":47,"href":"https:\/\/todoverde.com.ar\/mantenimiento-espacios-verdes\/wp-json\/wp\/v2\/pages\/5\/revisions"}],"predecessor-version":[{"id":214,"href":"https:\/\/todoverde.com.ar\/mantenimiento-espacios-verdes\/wp-json\/wp\/v2\/pages\/5\/revisions\/214"}],"wp:attachment":[{"href":"https:\/\/todoverde.com.ar\/mantenimiento-espacios-verdes\/wp-json\/wp\/v2\/media?parent=5"}],"curies":[{"name":"wp","href":"https:\/\/api.w.org\/{rel}","templated":true}]}}